{"id":2,"date":"2021-04-17T17:39:02","date_gmt":"2021-04-17T17:39:02","guid":{"rendered":"http:\/\/bioscevre.com\/?page_id=2"},"modified":"2021-04-17T21:02:36","modified_gmt":"2021-04-17T21:02:36","slug":"sample-page","status":"publish","type":"page","link":"http:\/\/bioscevre.com\/index.php\/sample-page\/","title":{"rendered":"HAKKIMIZDA"},"content":{"rendered":"\n<p>Firmam\u0131z, 2010 y\u0131l\u0131ndan bu yana m\u00fc\u015fteri memnuniyeti ve \u00e7\u00f6z\u00fcm odakl\u0131 yakla\u015f\u0131m\u0131 ilke edinmi\u015ftir. Yenilik\u00e7i ve geli\u015fmeye a\u00e7\u0131k yap\u0131s\u0131 ile h\u0131zla yol almaya devam etmektedir.  <\/p>\n\n\n\n<p> \u00c7evre Mevzuat\u0131n\u0131 firma bazl\u0131 \u00e7\u00f6z\u00fcmlerle uygulama kolayl\u0131\u011f\u0131 sa\u011flamaktad\u0131r. <\/p>\n\n\n\n<p>Firmam\u0131zda 10 y\u0131l\u0131 a\u015fk\u0131n s\u00fcredir G\u00fcvenlik Bilgi Formu Haz\u0131rlanmas\u0131, Kimyasal Kay\u0131tlar\u0131n yap\u0131lmas\u0131 kapsam\u0131nda hizmet vermektedir.  Kimyasal De\u011ferlendirme Uzmanl\u0131\u011f\u0131 (KDU), ZDHC Kimyasal Y\u00f6netimi ve ISO 14064 Karbon Ayak \u0130zi Hesaplanmas\u0131 uzmanl\u0131k alanlar\u0131m\u0131z aras\u0131nda yer almaktad\u0131r.  <\/p>\n\n\n\n<h2><span style=\"color:#80a300\" class=\"has-inline-color\">EK\u0130B\u0130M\u0130Z<\/span><\/h2>\n\n\n\n<figure class=\"wp-block-image size-large\"><img loading=\"lazy\" width=\"960\" height=\"960\" src=\"http:\/\/bioscevre.com\/wp-content\/uploads\/2021\/04\/12065806_10153690467398351_5729726005143330251_n-2.jpg\" alt=\"\" class=\"wp-image-90\" srcset=\"http:\/\/bioscevre.com\/wp-content\/uploads\/2021\/04\/12065806_10153690467398351_5729726005143330251_n-2.jpg 960w, http:\/\/bioscevre.com\/wp-content\/uploads\/2021\/04\/12065806_10153690467398351_5729726005143330251_n-2-300x300.jpg 300w, http:\/\/bioscevre.com\/wp-content\/uploads\/2021\/04\/12065806_10153690467398351_5729726005143330251_n-2-150x150.jpg 150w, http:\/\/bioscevre.com\/wp-content\/uploads\/2021\/04\/12065806_10153690467398351_5729726005143330251_n-2-768x768.jpg 768w\" sizes=\"(max-width: 960px) 100vw, 960px\" \/><figcaption>Sibel \u00c7ET\u0130N \/ \u00c7evre M\u00fchendisi<\/figcaption><\/figure>\n\n\n\n<p><\/p>\n","protected":false},"excerpt":{"rendered":"<div class=\"slide-text-bg2\"><span>Firmam\u0131z, 2010 y\u0131l\u0131ndan bu yana m\u00fc\u015fteri memnuniyeti ve \u00e7\u00f6z\u00fcm odakl\u0131 yakla\u015f\u0131m\u0131 ilke edinmi\u015ftir. Yenilik\u00e7i ve geli\u015fmeye a\u00e7\u0131k yap\u0131s\u0131 ile h?<\/span><\/div>\n<div class=\"slide-btn-area-sm\"><a href=\"http:\/\/bioscevre.com\/index.php\/sample-page\/\" class=\"slide-btn-sm\">Devam\u0131n\u0131 oku<\/a><\/div>\n","protected":false},"author":1,"featured_media":0,"parent":0,"menu_order":0,"comment_status":"closed","ping_status":"open","template":"","meta":[],"_links":{"self":[{"href":"http:\/\/bioscevre.com\/index.php\/wp-json\/wp\/v2\/pages\/2"}],"collection":[{"href":"http:\/\/bioscevre.com\/index.php\/wp-json\/wp\/v2\/pages"}],"about":[{"href":"http:\/\/bioscevre.com\/index.php\/wp-json\/wp\/v2\/types\/page"}],"author":[{"embeddable":true,"href":"http:\/\/bioscevre.com\/index.php\/wp-json\/wp\/v2\/users\/1"}],"replies":[{"embeddable":true,"href":"http:\/\/bioscevre.com\/index.php\/wp-json\/wp\/v2\/comments?post=2"}],"version-history":[{"count":5,"href":"http:\/\/bioscevre.com\/index.php\/wp-json\/wp\/v2\/pages\/2\/revisions"}],"predecessor-version":[{"id":95,"href":"http:\/\/bioscevre.com\/index.php\/wp-json\/wp\/v2\/pages\/2\/revisions\/95"}],"wp:attachment":[{"href":"http:\/\/bioscevre.com\/index.php\/wp-json\/wp\/v2\/media?parent=2"}],"curies":[{"name":"wp","href":"https:\/\/api.w.org\/{rel}","templated":true}]}}