{"id":28,"date":"2021-04-17T16:47:44","date_gmt":"2021-04-17T16:47:44","guid":{"rendered":"http:\/\/bioscevre.com\/?page_id=28"},"modified":"2021-04-18T07:04:16","modified_gmt":"2021-04-18T07:04:16","slug":"iletisim","status":"publish","type":"page","link":"http:\/\/bioscevre.com\/index.php\/iletisim\/","title":{"rendered":"ileti\u015fim"},"content":{"rendered":"\n<div class=\"wp-block-media-text alignwide is-stacked-on-mobile\" style=\"grid-template-columns:61% auto\"><figure class=\"wp-block-media-text__media\"><img loading=\"lazy\" width=\"846\" height=\"523\" src=\"http:\/\/bioscevre.com\/wp-content\/uploads\/2021\/04\/logo-Kopya.jpg\" alt=\"\" class=\"wp-image-103 size-full\" srcset=\"http:\/\/bioscevre.com\/wp-content\/uploads\/2021\/04\/logo-Kopya.jpg 846w, http:\/\/bioscevre.com\/wp-content\/uploads\/2021\/04\/logo-Kopya-300x185.jpg 300w, http:\/\/bioscevre.com\/wp-content\/uploads\/2021\/04\/logo-Kopya-768x475.jpg 768w\" sizes=\"(max-width: 846px) 100vw, 846px\" \/><\/figure><div class=\"wp-block-media-text__content\">\n<p class=\"has-text-align-center\"><span style=\"color:#80a300\" class=\"has-inline-color\">Kazimiye Mh. Dumlup\u0131nar Cd. K\u0131l\u0131\u00e7o\u011flu Dan\u0131\u015f Towers No: 6- 18 D Blok D: 36 Kat: 6 \u00c7orlu\/TEK\u0130RDA\u011e 59850 <\/span><\/p>\n\n\n\n<p class=\"has-text-align-center\"><span style=\"color:#7ba300\" class=\"has-inline-color\">info@bioscevre.com      <\/span><\/p>\n\n\n\n<p class=\"has-text-align-center\"><span style=\"color:#7ba300\" class=\"has-inline-color\">Tel. + 90 282 673 67 34<\/span><\/p>\n<\/div><\/div>\n\n\n\n<p><\/p>\n\n\n\n<div class=\"wp-block-buttons\">\n<div class=\"wp-block-button\"><a class=\"wp-block-button__link\">Bizi Ziyaret Edin<\/a><\/div>\n<\/div>\n\n\n\n<p><\/p>\n","protected":false},"excerpt":{"rendered":"<div class=\"slide-text-bg2\"><span>Kazimiye Mh. Dumlup\u0131nar Cd. K\u0131l\u0131\u00e7o\u011flu Dan\u0131\u015f Towers No: 6- 18 D Blok D: 36 Kat: 6 \u00c7orlu\/TEK\u0130RDA\u011e 59850 info@bioscevre.com Tel. + 90 282 673 67 34<\/span><\/div>\n","protected":false},"author":1,"featured_media":0,"parent":0,"menu_order":0,"comment_status":"closed","ping_status":"closed","template":"","meta":[],"_links":{"self":[{"href":"http:\/\/bioscevre.com\/index.php\/wp-json\/wp\/v2\/pages\/28"}],"collection":[{"href":"http:\/\/bioscevre.com\/index.php\/wp-json\/wp\/v2\/pages"}],"about":[{"href":"http:\/\/bioscevre.com\/index.php\/wp-json\/wp\/v2\/types\/page"}],"author":[{"embeddable":true,"href":"http:\/\/bioscevre.com\/index.php\/wp-json\/wp\/v2\/users\/1"}],"replies":[{"embeddable":true,"href":"http:\/\/bioscevre.com\/index.php\/wp-json\/wp\/v2\/comments?post=28"}],"version-history":[{"count":8,"href":"http:\/\/bioscevre.com\/index.php\/wp-json\/wp\/v2\/pages\/28\/revisions"}],"predecessor-version":[{"id":109,"href":"http:\/\/bioscevre.com\/index.php\/wp-json\/wp\/v2\/pages\/28\/revisions\/109"}],"wp:attachment":[{"href":"http:\/\/bioscevre.com\/index.php\/wp-json\/wp\/v2\/media?parent=28"}],"curies":[{"name":"wp","href":"https:\/\/api.w.org\/{rel}","templated":true}]}}