{"id":30,"date":"2021-04-17T16:47:44","date_gmt":"2021-04-17T16:47:44","guid":{"rendered":"http:\/\/bioscevre.com\/?page_id=30"},"modified":"2021-04-18T08:27:50","modified_gmt":"2021-04-18T08:27:50","slug":"kkdik-turkis-reach","status":"publish","type":"page","link":"http:\/\/bioscevre.com\/index.php\/kkdik-turkis-reach\/","title":{"rendered":"KKDIK (Turkish Reach)"},"content":{"rendered":"\n<div class=\"wp-block-group\"><div class=\"wp-block-group__inner-container\">\n<h2 class=\"has-text-color\" style=\"color:#ba0c49;font-size:38px\">Kimyasallar\u0131n Kayd\u0131 De\u011ferlendirmesi \u0130zlenmesi K\u0131s\u0131tlanmas\u0131 (KKDIK) ve Dan\u0131\u015fmanl\u0131k Hizmeti<\/h2>\n\n\n\n<div class=\"wp-block-columns\">\n<div class=\"wp-block-column\">\n<p style=\"font-size:18px\">KKD\u0130K,\u00a0<strong>K<\/strong>imyasallar\u0131n\u00a0<strong>K<\/strong>ayd\u0131,\u00a0<strong>D<\/strong>e\u011ferlendirilmesi,\u00a0<strong>\u0130<\/strong>zni ve\u00a0<strong>K<\/strong>\u0131s\u0131tlanmas\u0131  Hakk\u0131nda Y\u00f6netmeli\u011finin ba\u015f harflerinden olu\u015fmaktad\u0131r. <\/p>\n\n\n\n<p>Maddeyi kendi halinde veya kar\u0131\u015f\u0131m i\u00e7inde y\u0131ll\u0131k bir ton ya da daha fazla miktarda imal eden veya ithal eden imalat\u00e7\u0131 ya da ithalat\u00e7\u0131 Bakanl\u0131\u011f\u0131n internet sayfas\u0131nda yer alan Kimyasal Kay\u0131t Sistemi arac\u0131l\u0131\u011f\u0131yla Bakanl\u0131\u011fa kay\u0131t ettirmek zorundad\u0131r.<\/p>\n\n\n\n<p>01.01.2021 tarihi itibari ile kay\u0131t s\u00fcreci ba\u015flam\u0131\u015ft\u0131r. 31.12.2023 tarihine kay\u0131t s\u00fcreci sonlanacak olup, kay\u0131t ettirilmeyen maddeler pazarda yer almayacakt\u0131r. <\/p>\n<\/div>\n\n\n\n<div class=\"wp-block-column\">\n<ul><li>\u0130mal ve \u0130thal edilen kimyasal envanterinin olu\u015fturulmas\u0131 ,<\/li><li><strong>KKD\u0130K<\/strong>\u00a0MUAF\u0130YET maddelerinin listelenmesi,<\/li><li><strong>KKD\u0130K EK 14<\/strong>\u00a0\u0130zne tabi maddelerin belirlenmesi,<\/li><li>Kimyasal G\u00fcvenlik Raporu (KGR) Haz\u0131rlanmas\u0131,<\/li><li>Geni\u015fletilmi\u015f G\u00fcvenlik Bilgi Formu Haz\u0131rlanmas\u0131 (e-SDS \/ GGBF)<\/li><li>\u00dc\u00e7\u00fcnc\u00fc Taraf Temsilcilik Hizmeti,<\/li><li>Tek Temsilcilik Hizmeti,<\/li><li>Madde Bilgi De\u011fi\u015fim Forumu (MBDF) Y\u00f6netimi<\/li><li>Konsorsiyum Y\u00f6netimi,<\/li><\/ul>\n<\/div>\n<\/div>\n<\/div><\/div>\n\n\n\n<div class=\"wp-block-group\"><div class=\"wp-block-group__inner-container\">\n<h2 class=\"has-large-font-size\">Tek Temsilcilik <\/h2>\n\n\n\n<p>Yurt d\u0131\u015f\u0131nda \u00fcretim yap\u0131p T\u00fcrkiye pazar\u0131na sunan \u00fcreticilerin T\u00fcrkiye&#8217;de yerle\u015fik t\u00fczel ki\u015filik ile kay\u0131t s\u00fcrecini y\u00fcr\u00fctmesi gerekmektedir.   Bu t\u00fczel ki\u015filik y\u00f6netmelikte TEK TEMS\u0130LC\u0130 olarak ifade edilmektedir.  <\/p>\n\n\n\n<p><\/p>\n<\/div><\/div>\n\n\n\n<div class=\"wp-block-group\"><div class=\"wp-block-group__inner-container\">\n<h2 class=\"has-large-font-size\">\u00dc\u00e7\u00fcnc\u00fc Taraf Temsilcilik<\/h2>\n\n\n\n<p>T\u00fcrkiye&#8217;de yerle\u015fik bulunan imalat\u00e7\u0131 ya da ithalat\u00e7\u0131lar, Kimyasal Kay\u0131t S\u00fcrecinde firman\u0131z\u0131 temsil etmek i\u00e7in \u00dc\u00c7\u00dcNC\u00dc TARAF TEMS\u0130LC\u0130 ile anla\u015fabilmektedir.  \u00dc\u00e7\u00fcnc\u00fc taraf temsilci atam\u0131\u015f olan imalat\u00e7\u0131, ithalat\u00e7\u0131 ya da alt kullan\u0131c\u0131n\u0131n kimli\u011fi Bakanl\u0131k taraf\u0131ndan di\u011fer imalat\u00e7\u0131, ithalat\u00e7\u0131 ve alt kullan\u0131c\u0131lara a\u00e7\u0131klanmamaktad\u0131r. <\/p>\n<\/div><\/div>\n\n\n\n<div class=\"wp-block-group\"><div class=\"wp-block-group__inner-container\">\n<h2 class=\"has-large-font-size\">Kimyasal De\u011ferlendirme Uzman\u0131 (KDU)<\/h2>\n\n\n\n<p>Kimyasal De\u011ferlendirme Uzman\u0131, \u00c7evre ve \u015eehircilik Bakanl\u0131\u011f\u0131 taraf\u0131ndan yetki verilen kurulu\u015flardan e\u011fitim alm\u0131\u015f ve s\u0131nav\u0131 ba\u015far\u0131l\u0131 sonu\u00e7land\u0131ran ki\u015fi olarak tan\u0131mlanmaktad\u0131r. <\/p>\n\n\n\n<p>KKDIK s\u00fcrecinde Kimyasal De\u011ferlendirme Raporu ve Geni\u015fletilmi\u015f G\u00fcvenlik bilgi Formu haz\u0131rlama yetkilisidir.  <\/p>\n\n\n\n<p><\/p>\n<\/div><\/div>\n\n\n\n<div class=\"wp-block-buttons is-content-justification-center\">\n<div class=\"wp-block-button\"><a class=\"wp-block-button__link has-text-color has-background\" style=\"border-radius:50px;background:linear-gradient(135deg,rgb(135,9,53) 0%,rgb(179,22,22) 100%);color:#fffffa\">Kimyasal De\u011ferlendirme Raporu (KDR)<\/a><\/div>\n\n\n\n<div class=\"wp-block-button\"><a class=\"wp-block-button__link has-text-color has-background\" style=\"border-radius:50px;background:linear-gradient(317deg,rgb(135,9,53) 0%,rgb(179,22,22) 100%);color:#fffffa\">Geni\u015fletilmi\u015f G\u00fcvenlik Bilgi Formu (GGBF)<\/a><\/div>\n\n\n\n<div class=\"wp-block-button\"><a class=\"wp-block-button__link has-text-color has-background\" style=\"border-radius:50px;background:linear-gradient(42deg,rgb(135,9,53) 0%,rgb(179,22,22) 100%);color:#fffffa\">MBDF S\u00fcre\u00e7 Y\u00f6netimi<\/a><\/div>\n<\/div>\n\n\n\n<p><\/p>\n","protected":false},"excerpt":{"rendered":"<div class=\"slide-text-bg2\"><span><\/span><\/div>\n","protected":false},"author":1,"featured_media":0,"parent":0,"menu_order":0,"comment_status":"closed","ping_status":"closed","template":"","meta":[],"_links":{"self":[{"href":"http:\/\/bioscevre.com\/index.php\/wp-json\/wp\/v2\/pages\/30"}],"collection":[{"href":"http:\/\/bioscevre.com\/index.php\/wp-json\/wp\/v2\/pages"}],"about":[{"href":"http:\/\/bioscevre.com\/index.php\/wp-json\/wp\/v2\/types\/page"}],"author":[{"embeddable":true,"href":"http:\/\/bioscevre.com\/index.php\/wp-json\/wp\/v2\/users\/1"}],"replies":[{"embeddable":true,"href":"http:\/\/bioscevre.com\/index.php\/wp-json\/wp\/v2\/comments?post=30"}],"version-history":[{"count":9,"href":"http:\/\/bioscevre.com\/index.php\/wp-json\/wp\/v2\/pages\/30\/revisions"}],"predecessor-version":[{"id":117,"href":"http:\/\/bioscevre.com\/index.php\/wp-json\/wp\/v2\/pages\/30\/revisions\/117"}],"wp:attachment":[{"href":"http:\/\/bioscevre.com\/index.php\/wp-json\/wp\/v2\/media?parent=30"}],"curies":[{"name":"wp","href":"https:\/\/api.w.org\/{rel}","templated":true}]}}