{"id":31,"date":"2021-04-17T16:47:44","date_gmt":"2021-04-17T16:47:44","guid":{"rendered":"http:\/\/bioscevre.com\/?page_id=31"},"modified":"2021-04-17T22:39:19","modified_gmt":"2021-04-17T22:39:19","slug":"hizmetlerimiz","status":"publish","type":"page","link":"http:\/\/bioscevre.com\/index.php\/hizmetlerimiz\/","title":{"rendered":"Hizmetlerimiz"},"content":{"rendered":"\n<div class=\"wp-block-group alignwide\"><div class=\"wp-block-group__inner-container\">\n<div class=\"wp-block-columns alignwide\">\n<div class=\"wp-block-column\"><\/div>\n<\/div>\n<\/div><\/div>\n\n\n\n<div class=\"wp-block-group\"><div class=\"wp-block-group__inner-container\">\n<h3 class=\"has-text-color\" style=\"color:#ba0c49;font-size:38px\"><span class=\"has-inline-color has-cyan-bluish-gray-color\">\u00c7EVRE DANI\u015eMANLI\u011eI&#8212;&#8212;&#8212;&#8212;-\u00c7EVRE Y\u00d6NET\u0130M\u0130<\/span><\/h3>\n\n\n\n<hr class=\"wp-block-separator\"\/>\n\n\n\n<div class=\"wp-block-columns\">\n<div class=\"wp-block-column\">\n<p style=\"font-size:18px\">\u00c7evre Mevzuat\u0131 kapsam\u0131nda t\u00fcm dan\u0131\u015fmanl\u0131klar<\/p>\n\n\n\n<p style=\"font-size:18px\"> \u00c7evresel Etki De\u011ferlendirmesi (\u00c7ED ) G\u00f6r\u00fc\u015f\u00fc   <\/p>\n\n\n\n<p style=\"font-size:18px\"> \u00c7evre \u0130zin ve Lisans\u0131                                         <\/p>\n\n\n\n<p style=\"font-size:18px\">\u0130\u015fyeri A\u00e7ma ve \u00c7al\u0131\u015fma Ruhsat\u0131                      <\/p>\n\n\n\n<p style=\"font-size:18px\">Kapasite Raporu                                                <\/p>\n\n\n\n<p style=\"font-size:18px\">Sanayi Sicil Belgesi \/ Y\u0131ll\u0131k i\u015fletme cetveli         <\/p>\n\n\n\n<p>De\u015farj \u0130zin belgesi (D\u0130B)\/ At\u0131ksu Kanal Ba\u011flant\u0131 \u0130zni  <\/p>\n\n\n\n<p style=\"font-size:18px\"><strong>Ye\u015fil Kurulu\u015f <\/strong>\u0130\u015flemleri (Green Airport) (Havaliman\u0131 ve i\u015ftirak\u00e7ileri i\u00e7in)                                                <\/p>\n\n\n\n<p style=\"font-size:18px\"><strong>Ye\u015fil Y\u0131ld\u0131z<\/strong> Green Key (Oteller)                            <\/p>\n\n\n\n<p style=\"font-size:18px\">\u00c7evre Durum Tespiti                                                    <\/p>\n\n\n\n<p style=\"font-size:18px\">Tehlikesiz At\u0131k Toplama Ay\u0131rma Lisans\u0131                      <\/p>\n\n\n\n<p style=\"font-size:18px\">Tehlikeli At\u0131k Ta\u015f\u0131ma Lisans\u0131                              <\/p>\n\n\n\n<p style=\"font-size:18px\">\u00c7evre Bilin\u00e7lendirme E\u011fitimleri<\/p>\n<\/div>\n\n\n\n<div class=\"wp-block-column\">\n<p style=\"font-size:18px\">End\u00fcstriyel At\u0131k Y\u00f6netim Plan\u0131                             <\/p>\n\n\n\n<p style=\"font-size:18px\">S\u0131f\u0131r At\u0131k sistemi Kurulumu                                   <\/p>\n\n\n\n<p style=\"font-size:18px\">S\u0131f\u0131r At\u0131k Belgesi Al\u0131nmas\u0131                                    <\/p>\n\n\n\n<p>Tehlikeli At\u0131k Ge\u00e7ici Depolama \u0130zni                              <\/p>\n\n\n\n<p style=\"font-size:18px\">GEKAP (Geri Kazan\u0131m Katk\u0131 Pay\u0131) Beyan\u0131                                            <\/p>\n\n\n\n<p style=\"font-size:18px\">Beyan ve Bildirimlerin Yap\u0131lmas\u0131   <\/p>\n<\/div>\n<\/div>\n\n\n\n<h2 class=\"has-text-color\" style=\"color:#ba0c49;font-size:38px\"><span class=\"has-inline-color has-cyan-bluish-gray-color\">SU ve ATIKSU Y\u00d6NET\u0130M\u0130&#8212;&#8212;&#8212;&#8212;&#8211;HAVA  Y\u00d6NET\u0130M\u0130<\/span><\/h2>\n\n\n\n<div class=\"wp-block-columns\">\n<div class=\"wp-block-column\">\n<p style=\"font-size:18px\">At\u0131ksu Bilgi Sistemi Kay\u0131t\u0131                                       <\/p>\n\n\n\n<p style=\"font-size:18px\">Proses Profili \/ Kirlilik Profili Haz\u0131rlanmas\u0131            <\/p>\n\n\n\n<p style=\"font-size:18px\">Zero De\u015farj  \/ ZDHC Kimyasal Y\u00f6netimi                <\/p>\n\n\n\n<p style=\"font-size:18px\">De\u015farj \u0130zin Belgesi (D\u0130B)                                   <\/p>\n\n\n\n<p style=\"font-size:18px\">At\u0131ksu Kanal Ba\u011flant\u0131 \u0130zni                                 <\/p>\n\n\n\n<p style=\"font-size:18px\">At\u0131ksu Kimlik Belgesi                                 <\/p>\n<\/div>\n\n\n\n<div class=\"wp-block-column\">\n<p style=\"font-size:18px\">ISO 14064 Karbon Ayak \u0130zi Hesaplamas\u0131               <\/p>\n\n\n\n<p style=\"font-size:18px\">Sera Gaz\u0131 \u0130zleme Plan\u0131 \/ Prosed\u00fcrleri                      <\/p>\n\n\n\n<p style=\"font-size:18px\">Sera Gaz\u0131 Emisyon Raporu   \u0130yile\u015ftirme Plan\u0131                              <\/p>\n\n\n\n<p style=\"font-size:18px\">S\u00fcrekli Emisyon \u00d6l\u00e7\u00fcm Sistemi (SE\u00d6S)                <\/p>\n\n\n\n<p style=\"font-size:18px\">B\u00fcy\u00fck Yakma Tesisleri Envanteri<\/p>\n<\/div>\n<\/div>\n<\/div><\/div>\n\n\n\n<h2 class=\"has-text-color\" style=\"color:#ba0c49;font-size:38px\"><span class=\"has-inline-color has-cyan-bluish-gray-color\">K\u0130MYASAL Y\u00d6NET\u0130M\u0130&#8212;&#8212;&#8212;&#8211;       GBF (SDS) HAZIRLAMA <\/span><\/h2>\n\n\n\n<div class=\"wp-block-columns\">\n<div class=\"wp-block-column\">\n<p style=\"font-size:18px\">SEA S\u0131n\u0131fland\u0131rma Etiketleme Ambalajlama <\/p>\n\n\n\n<p style=\"font-size:18px\">B\u00fcy\u00fck End\u00fcstriyel Kaza (Bekra) Bildirimi                                 <\/p>\n\n\n\n<p style=\"font-size:18px\">Kimyasal Envanter Olu\u015fturulmas\u0131                        <\/p>\n\n\n\n<p style=\"font-size:18px\">Kimyasal Risk Analizi                                            <\/p>\n\n\n\n<p style=\"font-size:18px\">Tehlikeli Kimyasal G\u00fcvenli Kullan\u0131m\u0131 E\u011fitimi    <\/p>\n\n\n\n<p style=\"font-size:18px\">S\u0131z\u0131nt\u0131 &#8211; D\u00f6k\u00fcnt\u00fc Tatbikat\u0131 Tatbikat\u0131  <\/p>\n<\/div>\n\n\n\n<div class=\"wp-block-column\">\n<p style=\"font-size:18px\">G\u00fcvenlik Bilgi Formu Haz\u0131rlanmas\u0131                      <\/p>\n\n\n\n<p style=\"font-size:18px\">GBF Sistemine Y\u00fcklenmesi                                  <\/p>\n\n\n\n<p style=\"font-size:18px\">(SEA) S\u0131n\u0131fland\u0131rma Etiketleme Ambalajlama                                    <\/p>\n<\/div>\n<\/div>\n\n\n\n<h2 class=\"has-text-color\" style=\"color:#ba0c49;font-size:38px\"><span class=\"has-inline-color has-cyan-bluish-gray-color\">KKD\u0130K KAYIT DANI\u015eMANLI\u011eI<\/span><\/h2>\n\n\n\n<div class=\"wp-block-columns\">\n<div class=\"wp-block-column\">\n<p style=\"font-size:18px\">\u00d6n MBDF Kay\u0131t\u0131                                                 <\/p>\n\n\n\n<p style=\"font-size:18px\">MBDF s\u00fcrecinin y\u00fcr\u00fct\u00fclmesi                                <\/p>\n\n\n\n<p style=\"font-size:18px\">Kimyasal Kay\u0131tlar\u0131n Yap\u0131lmas\u0131                    <\/p>\n\n\n\n<p style=\"font-size:18px\">End\u00fcstriyel Kaza (Bekra) Bildirimi                                 <\/p>\n\n\n\n<p style=\"font-size:18px\">Kimyasal Envanter Olu\u015fturulmas\u0131                        <\/p>\n\n\n\n<p style=\"font-size:18px\">Kimyasal Risk Analizi                                            <\/p>\n\n\n\n<p style=\"font-size:18px\">Tehlikeli Kimyasal G\u00fcvenli Kullan\u0131m\u0131 E\u011fitimi    <\/p>\n\n\n\n<p style=\"font-size:18px\">S\u0131z\u0131nt\u0131 &#8211; D\u00f6k\u00fcnt\u00fc Tatbikat\u0131 Tatbikat\u0131  <\/p>\n<\/div>\n\n\n\n<div class=\"wp-block-column\">\n<p style=\"font-size:18px\">Tek Temsilcilik                                                         <\/p>\n\n\n\n<p style=\"font-size:18px\">3. Taraf Temsilcilik                                             <\/p>\n\n\n\n<p style=\"font-size:18px\">Kimyasal De\u011ferlendirme Uzmanl\u0131\u011f\u0131 (KDU)<\/p>\n\n\n\n<p style=\"font-size:18px\">                                 <\/p>\n<\/div>\n<\/div>\n","protected":false},"excerpt":{"rendered":"<div class=\"slide-text-bg2\"><span>K\u0130MYASAL Y\u00d6NET\u0130M\u0130&#8212;&#8212;&#8212;&#8211; GBF (SDS) HAZIRLAMA SEA S\u0131n\u0131fland\u0131rma Etiketleme Ambalajlama B\u00fcy\u00fck End\u00fcstriyel Kaza (Bekra) Bildiri<\/span><\/div>\n<div class=\"slide-btn-area-sm\"><a href=\"http:\/\/bioscevre.com\/index.php\/hizmetlerimiz\/\" class=\"slide-btn-sm\">Devam\u0131n\u0131 oku<\/a><\/div>\n","protected":false},"author":1,"featured_media":0,"parent":0,"menu_order":0,"comment_status":"closed","ping_status":"closed","template":"","meta":[],"_links":{"self":[{"href":"http:\/\/bioscevre.com\/index.php\/wp-json\/wp\/v2\/pages\/31"}],"collection":[{"href":"http:\/\/bioscevre.com\/index.php\/wp-json\/wp\/v2\/pages"}],"about":[{"href":"http:\/\/bioscevre.com\/index.php\/wp-json\/wp\/v2\/types\/page"}],"author":[{"embeddable":true,"href":"http:\/\/bioscevre.com\/index.php\/wp-json\/wp\/v2\/users\/1"}],"replies":[{"embeddable":true,"href":"http:\/\/bioscevre.com\/index.php\/wp-json\/wp\/v2\/comments?post=31"}],"version-history":[{"count":9,"href":"http:\/\/bioscevre.com\/index.php\/wp-json\/wp\/v2\/pages\/31\/revisions"}],"predecessor-version":[{"id":102,"href":"http:\/\/bioscevre.com\/index.php\/wp-json\/wp\/v2\/pages\/31\/revisions\/102"}],"wp:attachment":[{"href":"http:\/\/bioscevre.com\/index.php\/wp-json\/wp\/v2\/media?parent=31"}],"curies":[{"name":"wp","href":"https:\/\/api.w.org\/{rel}","templated":true}]}}